{"id":60,"date":"2021-08-19T16:50:56","date_gmt":"2021-08-19T14:50:56","guid":{"rendered":"http:\/\/www.ludovicteneze.com\/?page_id=60"},"modified":"2021-09-08T23:06:13","modified_gmt":"2021-09-08T21:06:13","slug":"mes-ouvrages","status":"publish","type":"page","link":"https:\/\/www.ludovicteneze.com\/index.php\/mes-ouvrages\/","title":{"rendered":"Mes ouvrages"},"content":{"rendered":"\n<div style=\"height:50px\" aria-hidden=\"true\" class=\"wp-block-spacer\"><\/div>\n\n\n\n<p class=\"has-text-align-center has-black-color has-text-color has-medium-font-size\"><strong>Ten\u00e8ze, L&nbsp;(2015). 150 ans de football. 1863-2015. Histoire des lois du jeu. <\/strong><br><strong>Dijon, Raison et Passions. 3<sup>e<\/sup>&nbsp;trimestre.<\/strong><\/p>\n\n\n\n<div class=\"wp-block-media-text alignwide is-stacked-on-mobile\" style=\"grid-template-columns:34% auto\"><figure class=\"wp-block-media-text__media\"><img loading=\"lazy\" decoding=\"async\" width=\"1024\" height=\"1024\" src=\"http:\/\/www.ludovicteneze.com\/wp-content\/uploads\/2021\/09\/IMG_0903-1024x1024.jpg\" alt=\"\" class=\"wp-image-135 size-full\"\/><\/figure><div class=\"wp-block-media-text__content\">\n<p class=\"has-black-color has-text-color\">En jouant le ballon \u00e0 la main, Diego Maradona et Thierry Henry ne se sont pas tromp\u00e9s de sport mais plut\u00f4t\u2026de si\u00e8cle. En effet, en 1863, la Football Association permettait \u00e0 tous les joueurs de jouer avec les mains.<\/p>\n\n\n\n<p class=\"has-black-color has-text-color\">Le football en 150 ans de son histoire a beaucoup chang\u00e9. Un organisme, le Board fond\u00e9 en Grande Bretagne en 1886 par quatre associations, rejointes en 1913 par la FIFA, est rest\u00e9 depuis cette date le gardien des lois du jeu et de ses changements. C\u2019est cette longue histoire que nous retrace l\u2019auteur qui a, le premier, syst\u00e9matiquement d\u00e9pouill\u00e9 les archives du Board.<\/p>\n\n\n\n<p class=\"has-black-color has-text-color\">En analysant dans le d\u00e9tail l\u2019\u00e9volution des 17 lois du jeu de la \u00ab balle au pied \u00bb apparue dans les cours des coll\u00e8ges britannique au milieu du 19e si\u00e8cle, il nous plonge dans les secrets de la r\u00e9ussite d\u2019un jeu devenu aujourd\u2019hui le sport le plus universel.<\/p>\n\n\n\n<p class=\"has-black-color has-text-color\">L\u2019image d\u2019un Board conservateur et r\u00e9tif aux changements est ainsi profond\u00e9ment modifi\u00e9e : le Board a, en r\u00e9alit\u00e9, continuellement fait preuve d\u2019innovation avec notamment la mise en place du trio arbitral, l\u2019invention du penalty et des cartons jaunes et rouges, l\u2019autorisation d\u2019utiliser des rempla\u00e7ants, la cr\u00e9ation de la s\u00e9ance de tirs aux buts, etc.<\/p>\n\n\n\n<p class=\"has-black-color has-text-color\">Ce livre,  a \u00e9t\u00e9 \u00e9crit pour tous ceux et toutes celles qui aiment le football : arbitres, entra\u00eeneurs, responsables de clubs, historiens du sport, enseignants et, bien s\u00fbr, les joueurs qui veulent comprendre comment le jeu qu\u2019ils pratiquent est devenu le sport le plus universel.<\/p>\n\n\n\n<p class=\"has-text-align-center has-luminous-vivid-amber-color has-text-color has-medium-font-size\"><strong><a rel=\"noreferrer noopener\" href=\"https:\/\/www.raisonetpassions.fr\/home\/84-120-ans-de-football-9782917615120.html\" target=\"_blank\">Commander cet ouvrage<\/a><\/strong><\/p>\n<\/div><\/div>\n\n\n\n<div style=\"height:50px\" aria-hidden=\"true\" class=\"wp-block-spacer\"><\/div>\n\n\n\n<p class=\"has-text-align-center has-black-color has-text-color has-medium-font-size\"><strong>Ten\u00e8ze, L&nbsp;(2019). Et si on modifiait vraiment les r\u00e8gles du football. 99 propositions.<\/strong><br><strong>&nbsp;Paris&nbsp;: L\u2019Harmattan, collection mouvement savoirs.<\/strong><\/p>\n\n\n\n<div style=\"height:21px\" aria-hidden=\"true\" class=\"wp-block-spacer\"><\/div>\n\n\n\n<div class=\"wp-block-media-text alignwide is-stacked-on-mobile\" style=\"grid-template-columns:34% auto\"><figure class=\"wp-block-media-text__media\"><img loading=\"lazy\" decoding=\"async\" width=\"1024\" height=\"1024\" src=\"http:\/\/www.ludovicteneze.com\/wp-content\/uploads\/2021\/09\/IMG_0904-1024x1024.jpg\" alt=\"\" class=\"wp-image-136 size-medium\"\/><\/figure><div class=\"wp-block-media-text__content\">\n<p class=\"has-black-color has-text-color\">L&rsquo;ambition affich\u00e9 de la FIFA est de rendre le football plus attractif, plus prolifique<\/p>\n\n\n\n<p class=\"has-black-color has-text-color\">Pour anticiper et r\u00e9fl\u00e9chir au football de demain, cet ouvrage reprend les propositions \u00e9tudi\u00e9es et les exp\u00e9rimentations test\u00e9es par le Board depuis 1886. Il s inspire \u00e9galement du r\u00e8glement des autres sports collectifs ainsi que des suggestions des acteurs du football. Parmi les propositions : jouer un coup-franc sans mur, utiliser cinq rempla\u00e7ants, faire adopter la r\u00e8gle du \u00ab\u00a0\u00a0\u00bb10 m\u00a0\u00bb\u00a0\u00bb du rugby ou encore diviser le temps de jeu d un quart&#8230;<\/p>\n\n\n\n<p><\/p>\n\n\n\n<p><\/p>\n\n\n\n<p class=\"has-text-align-center has-luminous-vivid-amber-color has-text-color has-medium-font-size\"><strong>Com<a rel=\"noreferrer noopener\" href=\"https:\/\/www.editions-harmattan.fr\/livre-et_si_on_modifiait_vraiment_les_regles_du_football_99_propositions_ludovic_teneze-9782343180403-64005.html\" target=\"_blank\">mander cet ouvrage<\/a><\/strong><\/p>\n<\/div><\/div>\n\n\n\n<div style=\"height:30px\" aria-hidden=\"true\" class=\"wp-block-spacer\"><\/div>\n\n\n\n<p class=\"has-text-align-center has-black-color has-text-color has-medium-font-size\"><strong>Ten\u00e8ze L, Pacquelin A, &amp; Andrieu B (2018).&nbsp;Enseigner le corps.<br>&nbsp;Revue EPS. Collection&nbsp;: Dossiers EPS.<\/strong><\/p>\n\n\n\n<div class=\"wp-block-media-text alignwide is-stacked-on-mobile\" style=\"grid-template-columns:34% auto\"><figure class=\"wp-block-media-text__media\"><img loading=\"lazy\" decoding=\"async\" width=\"1024\" height=\"1024\" src=\"http:\/\/www.ludovicteneze.com\/wp-content\/uploads\/2021\/09\/Enseigner-le-corps-OK-1024x1024.jpg\" alt=\"\" class=\"wp-image-263 size-full\"\/><\/figure><div class=\"wp-block-media-text__content\">\n<p class=\"has-black-color has-text-color\"><strong>Comprendre l&rsquo;\u00e9volution de la place accord\u00e9e au corps dans les programmes d&rsquo;EPS de 1880 \u00e0 nos jours. Une histoire replac\u00e9e dans le contexte des \u00e9volutions du syst\u00e8me \u00e9ducatif et des courants d&rsquo;innovation p\u00e9dagogique.<\/strong><\/p>\n\n\n\n<p class=\"has-black-color has-text-color\">Courants, m\u00e9thodes et conceptions qui traversent l\u2019histoire de l\u2019\u00e9ducation physique sont pr\u00e9sent\u00e9s comme un corpus de connaissances organis\u00e9 en 4 parties et 43 fiches th\u00e9matiques.<br>Sur chaque double-page, les fiches mettent en regard le \u00ab pourquoi \u00bb et le \u00ab comment \u00bb gr\u00e2ce \u00e0 :<br>\u204d une pr\u00e9sentation du th\u00e8me ;<br>\u204d des rep\u00e8res temporels ;<br>\u204d des extraits de textes officiels organisant l\u2019enseignement de l\u2019\u00e9ducation physique et sportive, situ\u00e9s dans leur temporalit\u00e9<br>et illustrant l\u2019approche institutionnelle et\/ou prescriptive ;<br>\u204d des exp\u00e9riences p\u00e9dagogiques ou des mises en oeuvre qui constituent autant d\u2019exemples de mod\u00e9lisation pragmatique<br>en situation, parfois en rupture avec le prescriptif ;<br>\u204d des figures et des d\u00e9bats qui r\u00e9v\u00e8lent des conceptions fondamentales, pionni\u00e8res et\/ou encore discut\u00e9es aujourd\u2019hui.<\/p>\n\n\n\n<p class=\"has-text-align-center has-luminous-vivid-amber-color has-text-color has-medium-font-size\"><strong><a href=\"https:\/\/www.revue-eps.com\/fr\/dossier-ep-s-n-86-enseigner-le-corps_o-15566.html\" data-type=\"URL\" data-id=\"https:\/\/www.revue-eps.com\/fr\/dossier-ep-s-n-86-enseigner-le-corps_o-15566.html\" target=\"_blank\" rel=\"noreferrer noopener\">Commander cet ouvrage<\/a><\/strong><\/p>\n<\/div><\/div>\n\n\n\n<div style=\"height:50px\" aria-hidden=\"true\" class=\"wp-block-spacer\"><\/div>\n\n\n\n<p class=\"has-text-align-center has-black-color has-text-color has-medium-font-size\"><strong>Ten\u00e8ze L<\/strong>&nbsp;<strong>(2021). VAR&nbsp;? Le miroir aux alouettes. <\/strong><br><strong>Les \u00c9ditions du Panth\u00e9ons.&nbsp;<\/strong><\/p>\n\n\n\n<div style=\"height:21px\" aria-hidden=\"true\" class=\"wp-block-spacer\"><\/div>\n\n\n\n<div class=\"wp-block-media-text alignwide is-stacked-on-mobile\" style=\"grid-template-columns:34% auto\"><figure class=\"wp-block-media-text__media\"><img loading=\"lazy\" decoding=\"async\" width=\"1024\" height=\"1024\" src=\"http:\/\/www.ludovicteneze.com\/wp-content\/uploads\/2021\/09\/IMG_0901-1024x1024.jpg\" alt=\"\" class=\"wp-image-133 size-full\"\/><\/figure><div class=\"wp-block-media-text__content\">\n<p class=\"has-black-color has-text-color\">Comment a fait le monde du football pour exister sans vid\u00e9o-assistance pendant plus de 150 ans&nbsp;? Ce dispositif mis en place depuis 2016 dans les matches d\u00e9cortique le jeu pour \u00e9viter les erreurs d\u2019arbitrage, questionne la continuit\u00e9 du jeu et prive le sport de son essence m\u00eame&nbsp;: la beaut\u00e9 du geste spontan\u00e9.Cl\u00e9ment Turpin, arbitre num\u00e9ro Un fran\u00e7ais, a accept\u00e9 de jouer le jeu de la pr\u00e9face. Il se pr\u00e9sente en fervent d\u00e9fenseur de l\u2019Assistance Vid\u00e9o \u00e0 l\u2019Arbitrage.<\/p>\n\n\n\n<p class=\"has-black-color has-text-color\"><br>Mais, pour Ludovic Ten\u00e8ze, la VAR devrait \u00eatre mise hors-jeu&nbsp;: il l\u2019explique dans cet ouvrage brillamment document\u00e9. Elle pi\u00e8ge les spectateurs pris en otage, avec des d\u00e9cisions arbitrales retard\u00e9es et des \u00e9motions diff\u00e9r\u00e9es. Les ralentis et les arr\u00eats sur image d\u00e9forment et amplifient la r\u00e9alit\u00e9 provoquant des interpr\u00e9tations \u00e0 g\u00e9om\u00e9trie variable. Seule certitude, ce miroir aux alouettes, parodie de justice sportive, permet de d\u00e9battre ind\u00e9finiment dans les \u00e9missions sportives, et les talk-shows d\u2019apr\u00e8s match focalis\u00e9s sur le football.<\/p>\n\n\n\n<p><\/p>\n\n\n\n<p class=\"has-text-align-center has-luminous-vivid-amber-color has-text-color has-medium-font-size\"><strong><a href=\"https:\/\/www.editions-pantheon.fr\/catalogue\/var-le-miroir-aux-alouettes\/\" data-type=\"URL\" data-id=\"https:\/\/www.editions-pantheon.fr\/catalogue\/var-le-miroir-aux-alouettes\/\">Commander cet ouvrage<\/a><\/strong><\/p>\n<\/div><\/div>\n\n\n\n<div style=\"height:165px\" aria-hidden=\"true\" class=\"wp-block-spacer\"><\/div>\n","protected":false},"excerpt":{"rendered":"<p>Ten\u00e8ze, L&nbsp;(2015). 150 ans de football. 1863-2015. Histoire des lois du jeu. Dijon, Raison et Passions. 3e&nbsp;trimestre. En jouant le ballon \u00e0 la main, Diego Maradona et Thierry Henry ne se sont pas tromp\u00e9s de sport mais plut\u00f4t\u2026de si\u00e8cle. En effet, en 1863, la Football Association permettait \u00e0 tous les joueurs de jouer avec les mains. Le football en 150 ans de son histoire a beaucoup chang\u00e9. Un organisme, le Board fond\u00e9 en Grande Bretagne en 1886 par quatre associations, rejointes en 1913 par la FIFA, est rest\u00e9 depuis cette date le gardien des lois du jeu et de ses changements. C\u2019est cette longue histoire que nous retrace l\u2019auteur qui a, le premier, syst\u00e9matiquement d\u00e9pouill\u00e9 les archives du Board. En&#8230;<\/p>\n","protected":false},"author":1,"featured_media":0,"parent":0,"menu_order":0,"comment_status":"closed","ping_status":"closed","template":"full-width.php","meta":{"footnotes":""},"_links":{"self":[{"href":"https:\/\/www.ludovicteneze.com\/index.php\/wp-json\/wp\/v2\/pages\/60"}],"collection":[{"href":"https:\/\/www.ludovicteneze.com\/index.php\/wp-json\/wp\/v2\/pages"}],"about":[{"href":"https:\/\/www.ludovicteneze.com\/index.php\/wp-json\/wp\/v2\/types\/page"}],"author":[{"embeddable":true,"href":"https:\/\/www.ludovicteneze.com\/index.php\/wp-json\/wp\/v2\/users\/1"}],"replies":[{"embeddable":true,"href":"https:\/\/www.ludovicteneze.com\/index.php\/wp-json\/wp\/v2\/comments?post=60"}],"version-history":[{"count":45,"href":"https:\/\/www.ludovicteneze.com\/index.php\/wp-json\/wp\/v2\/pages\/60\/revisions"}],"predecessor-version":[{"id":264,"href":"https:\/\/www.ludovicteneze.com\/index.php\/wp-json\/wp\/v2\/pages\/60\/revisions\/264"}],"wp:attachment":[{"href":"https:\/\/www.ludovicteneze.com\/index.php\/wp-json\/wp\/v2\/media?parent=60"}],"curies":[{"name":"wp","href":"https:\/\/api.w.org\/{rel}","templated":true}]}}