{"id":50,"date":"2021-08-19T15:53:57","date_gmt":"2021-08-19T13:53:57","guid":{"rendered":"http:\/\/www.ludovicteneze.com\/?page_id=50"},"modified":"2021-09-08T16:08:09","modified_gmt":"2021-09-08T14:08:09","slug":"a-propos","status":"publish","type":"page","link":"https:\/\/www.ludovicteneze.com\/index.php\/a-propos\/","title":{"rendered":"A propos"},"content":{"rendered":"\n<div style=\"height:61px\" aria-hidden=\"true\" class=\"wp-block-spacer\"><\/div>\n\n\n\n<div class=\"wp-block-media-text alignwide is-stacked-on-mobile\" style=\"grid-template-columns:23% auto\"><figure class=\"wp-block-media-text__media\"><img loading=\"lazy\" decoding=\"async\" width=\"208\" height=\"242\" src=\"http:\/\/www.ludovicteneze.com\/wp-content\/uploads\/2021\/08\/Unknown.jpg\" alt=\"\" class=\"wp-image-30 size-full\"\/><\/figure><div class=\"wp-block-media-text__content\">\n<p class=\"has-black-color has-text-color\">          Comme vous tous, j\u2019ai jou\u00e9 dans la rue, dans les cours d\u2019\u00e9cole, sur des terrains vagues avec des copains, et aussi souvent tout seul contre un mur\u2026 tout en commentant mes actions et en tentant d\u2019imiter un grand joueur.<\/p>\n\n\n\n<p class=\"has-black-color has-text-color\">          Comme sans doute vous, j\u2019ai jou\u00e9 au football en club de 7 \u00e0 27 ans. Moi, c\u2019\u00e9tait au si\u00e8cle dernier avec le club de Saint-Florentin sur les terrains de l\u2019Yonne toutes les cat\u00e9gories de jeunes, puis en Ligue de Bourgogne d\u2019abord avec les juniors et ensuite en senior DH.<\/p>\n\n\n\n<p class=\"has-black-color has-text-color\">          J\u2019ai aussi eu la chance, d\u2019\u00eatre responsable d\u2019une section sportive football au Lyc\u00e9e Jean Vilar \u00e0 Meaux, de faire partie de la Commission technique du 77 Nord pendant 20 ans, de former de nombreux \u00e9ducateurs, d\u2019emmener deux fois les filles sur le podium du championnat de France Universitaire avec Paris Descartes\u2026 Dans l\u2019Universit\u00e9 de Paris je continue \u00e0 enseigner le football, et bien d\u2019autres choses, aux futurs professeurs ou entraineurs\u2026<\/p>\n<\/div><\/div>\n\n\n\n<p class=\"has-black-color has-text-color\">          Petit acteur du football pendant 40 ans, je n\u2019entraine plus en club, je ne joue plus au football, sauf une fois par an avec des amis de 40 ans \u00ab&nbsp;Les tangos&nbsp;\u00bb, la couleur de notre maillot \u00e0 Saint-Florentin&nbsp;!<\/p>\n\n\n\n<p class=\"has-black-color has-text-color\">          Depuis 2010 je suis pass\u00e9 de l\u2019autre c\u00f4t\u00e9 du miroir, je me suis plong\u00e9 dans l\u2019histoire du football, et plus pr\u00e9cis\u00e9ment dans l\u2019histoire des Lois du Jeu. J\u2019ai soutenu une th\u00e8se sur le sujet en 2011, r\u00e9dig\u00e9 des articles et publi\u00e9 trois ouvrages concernant le pass\u00e9 et le futur possible de chaque r\u00e8gle. Avec ce But en Or, c\u2019est mon regard sur le football que je tente de partager, ses lois du jeu, son histoire, ses anecdotes, ses l\u00e9gendes, mes souvenirs, de joueur, d\u2019entraineur, de spectateur ou de t\u00e9l\u00e9spectateur\u2026 donc beaucoup de ma vie et un peu de mon enfance aussi.<\/p>\n\n\n\n<p><\/p>\n\n\n\n<div style=\"height:498px\" aria-hidden=\"true\" class=\"wp-block-spacer\"><\/div>\n","protected":false},"excerpt":{"rendered":"<p>Comme vous tous, j\u2019ai jou\u00e9 dans la rue, dans les cours d\u2019\u00e9cole, sur des terrains vagues avec des copains, et aussi souvent tout seul contre un mur\u2026 tout en commentant mes actions et en tentant d\u2019imiter un grand joueur. Comme sans doute vous, j\u2019ai jou\u00e9 au football en club de 7 \u00e0 27 ans. Moi, c\u2019\u00e9tait au si\u00e8cle dernier avec le club de Saint-Florentin sur les terrains de l\u2019Yonne toutes les cat\u00e9gories de jeunes, puis en Ligue de Bourgogne d\u2019abord avec les juniors et ensuite en senior DH. J\u2019ai aussi eu la chance, d\u2019\u00eatre responsable d\u2019une section sportive football au Lyc\u00e9e Jean Vilar \u00e0 Meaux, de faire partie de la Commission technique du 77 Nord pendant 20 ans, de former&#8230;<\/p>\n","protected":false},"author":1,"featured_media":0,"parent":0,"menu_order":0,"comment_status":"closed","ping_status":"closed","template":"full-width.php","meta":{"footnotes":""},"_links":{"self":[{"href":"https:\/\/www.ludovicteneze.com\/index.php\/wp-json\/wp\/v2\/pages\/50"}],"collection":[{"href":"https:\/\/www.ludovicteneze.com\/index.php\/wp-json\/wp\/v2\/pages"}],"about":[{"href":"https:\/\/www.ludovicteneze.com\/index.php\/wp-json\/wp\/v2\/types\/page"}],"author":[{"embeddable":true,"href":"https:\/\/www.ludovicteneze.com\/index.php\/wp-json\/wp\/v2\/users\/1"}],"replies":[{"embeddable":true,"href":"https:\/\/www.ludovicteneze.com\/index.php\/wp-json\/wp\/v2\/comments?post=50"}],"version-history":[{"count":14,"href":"https:\/\/www.ludovicteneze.com\/index.php\/wp-json\/wp\/v2\/pages\/50\/revisions"}],"predecessor-version":[{"id":238,"href":"https:\/\/www.ludovicteneze.com\/index.php\/wp-json\/wp\/v2\/pages\/50\/revisions\/238"}],"wp:attachment":[{"href":"https:\/\/www.ludovicteneze.com\/index.php\/wp-json\/wp\/v2\/media?parent=50"}],"curies":[{"name":"wp","href":"https:\/\/api.w.org\/{rel}","templated":true}]}}